{"id":1393,"date":"2023-07-17T13:34:59","date_gmt":"2023-07-17T12:34:59","guid":{"rendered":"https:\/\/www.vivrelagratuite.ch\/?page_id=1393"},"modified":"2023-07-17T13:58:15","modified_gmt":"2023-07-17T12:58:15","slug":"lassociation","status":"publish","type":"page","link":"https:\/\/www.vivrelagratuite.ch\/?page_id=1393","title":{"rendered":"L&rsquo;association"},"content":{"rendered":"\n<h2 class=\"wp-block-heading\">Objectifs de l&rsquo;association<\/h2>\n\n\n\n<p>L&rsquo;association Viv(r)e la Gratuit\u00e9 a pour but de promouvoir la gratuit\u00e9, et vise notamment \u00e0 d\u00e9fendre les zones de gratuit\u00e9 existantes, les \u00e9tendre et en cr\u00e9er de nouvelles. Elle a la conviction qu&rsquo;il est primordial de lutter contre l&rsquo;hypercapitalisme et l&rsquo;omnimarchandisation et d&rsquo;oeuvrer pour une soci\u00e9t\u00e9 plus conviviale. Les \u00ab\u00a0march\u00e9s gratuits\u00a0\u00bb en sont un exemple, qui font circuler les objets qui ne nous servent plus mais peuvent rendre service \u00e0 d&rsquo;autres.<\/p>\n\n\n\n<h2 class=\"wp-block-heading\">Envie de participer ?<\/h2>\n\n\n\n<p>L&rsquo;association est constitu\u00e9e de b\u00e9n\u00e9voles et est ouverte \u00e0 de nouveaux membres. Les dons sont indispensables pour nous permettre de couvrir nos frais et sont les bienvenus.<\/p>\n\n\n\n<p>Si vous avez des id\u00e9es ou souhaitez nous rejoindre, contactez-nous pour connaitre la prochaine date de nos r\u00e9unions de coordination. Ou bien venez nous rencontrer \u00e0 l&rsquo;occasion du prochain march\u00e9 gratuit.<\/p>\n\n\n\n<h2 class=\"wp-block-heading\">Forme juridique<\/h2>\n\n\n\n<p>Viv(r)e la Gratuit\u00e9 est une association \u00e0 but non lucratif r\u00e9gie par les statuts de l&rsquo;association et par les articles 60 et suivants du Code Civil suisse. Elle est politiquement et confessionnellement neutre.<\/p>\n\n\n\n<h2 class=\"wp-block-heading\">Historique<\/h2>\n\n\n\n<ul class=\"wp-block-list\">\n<li>2014 : Organisation des premiers march\u00e9s gratuits sous la Grenette, \u00e0 Vevey<\/li>\n\n\n\n<li>2023 : Modernisation des statuts et constitution d&rsquo;un nouveau comit\u00e9, sous la pr\u00e9sidence de Christiane Racine.<\/li>\n<\/ul>\n\n\n\n<p><\/p>\n","protected":false},"excerpt":{"rendered":"<p>Objectifs de l&rsquo;association L&rsquo;association Viv(r)e la Gratuit\u00e9 a pour but de promouvoir la gratuit\u00e9, et vise notamment \u00e0 d\u00e9fendre les zones de gratuit\u00e9 existantes, les \u00e9tendre et en cr\u00e9er de nouvelles. Elle a la conviction qu&rsquo;il est primordial de lutter contre l&rsquo;hypercapitalisme et l&rsquo;omnimarchandisation et d&rsquo;oeuvrer pour une soci\u00e9t\u00e9 plus conviviale. Les \u00ab\u00a0march\u00e9s gratuits\u00a0\u00bb en [&hellip;]<\/p>\n","protected":false},"author":3,"featured_media":0,"parent":0,"menu_order":10,"comment_status":"closed","ping_status":"closed","template":"","meta":{"footnotes":""},"class_list":["post-1393","page","type-page","status-publish","hentry"],"yoast_head":"<!-- This site is optimized with the Yoast SEO plugin v22.8 - https:\/\/yoast.com\/wordpress\/plugins\/seo\/ -->\n<title>L&#039;association - Viv(r)e la gratuit\u00e9<\/title>\n<meta name=\"robots\" content=\"index, follow, max-snippet:-1, max-image-preview:large, max-video-preview:-1\" \/>\n<link rel=\"canonical\" href=\"https:\/\/www.vivrelagratuite.ch\/?page_id=1393\" \/>\n<meta property=\"og:locale\" content=\"fr_FR\" \/>\n<meta property=\"og:type\" content=\"article\" \/>\n<meta property=\"og:title\" content=\"L&#039;association - Viv(r)e la gratuit\u00e9\" \/>\n<meta property=\"og:description\" content=\"Objectifs de l&rsquo;association L&rsquo;association Viv(r)e la Gratuit\u00e9 a pour but de promouvoir la gratuit\u00e9, et vise notamment \u00e0 d\u00e9fendre les zones de gratuit\u00e9 existantes, les \u00e9tendre et en cr\u00e9er de nouvelles. Elle a la conviction qu&rsquo;il est primordial de lutter contre l&rsquo;hypercapitalisme et l&rsquo;omnimarchandisation et d&rsquo;oeuvrer pour une soci\u00e9t\u00e9 plus conviviale. Les \u00ab\u00a0march\u00e9s gratuits\u00a0\u00bb en [&hellip;]\" \/>\n<meta property=\"og:url\" content=\"https:\/\/www.vivrelagratuite.ch\/?page_id=1393\" \/>\n<meta property=\"og:site_name\" content=\"Viv(r)e la gratuit\u00e9\" \/>\n<meta property=\"article:modified_time\" content=\"2023-07-17T12:58:15+00:00\" \/>\n<meta name=\"twitter:label1\" content=\"Dur\u00e9e de lecture estim\u00e9e\" \/>\n\t<meta name=\"twitter:data1\" content=\"2 minutes\" \/>\n<script type=\"application\/ld+json\" class=\"yoast-schema-graph\">{\"@context\":\"https:\/\/schema.org\",\"@graph\":[{\"@type\":\"WebPage\",\"@id\":\"https:\/\/www.vivrelagratuite.ch\/?page_id=1393\",\"url\":\"https:\/\/www.vivrelagratuite.ch\/?page_id=1393\",\"name\":\"L'association - Viv(r)e la gratuit\u00e9\",\"isPartOf\":{\"@id\":\"https:\/\/www.vivrelagratuite.ch\/#website\"},\"datePublished\":\"2023-07-17T12:34:59+00:00\",\"dateModified\":\"2023-07-17T12:58:15+00:00\",\"breadcrumb\":{\"@id\":\"https:\/\/www.vivrelagratuite.ch\/?page_id=1393#breadcrumb\"},\"inLanguage\":\"fr-FR\",\"potentialAction\":[{\"@type\":\"ReadAction\",\"target\":[\"https:\/\/www.vivrelagratuite.ch\/?page_id=1393\"]}]},{\"@type\":\"BreadcrumbList\",\"@id\":\"https:\/\/www.vivrelagratuite.ch\/?page_id=1393#breadcrumb\",\"itemListElement\":[{\"@type\":\"ListItem\",\"position\":1,\"name\":\"Accueil\",\"item\":\"https:\/\/www.vivrelagratuite.ch\/\"},{\"@type\":\"ListItem\",\"position\":2,\"name\":\"L&rsquo;association\"}]},{\"@type\":\"WebSite\",\"@id\":\"https:\/\/www.vivrelagratuite.ch\/#website\",\"url\":\"https:\/\/www.vivrelagratuite.ch\/\",\"name\":\"Viv(r)e la gratuit\u00e9\",\"description\":\"Organisateurs des march\u00e9s gratuits \u00e0 Vevey\",\"potentialAction\":[{\"@type\":\"SearchAction\",\"target\":{\"@type\":\"EntryPoint\",\"urlTemplate\":\"https:\/\/www.vivrelagratuite.ch\/?s={search_term_string}\"},\"query-input\":\"required name=search_term_string\"}],\"inLanguage\":\"fr-FR\"}]}<\/script>\n<!-- \/ Yoast SEO plugin. -->","yoast_head_json":{"title":"L'association - Viv(r)e la gratuit\u00e9","robots":{"index":"index","follow":"follow","max-snippet":"max-snippet:-1","max-image-preview":"max-image-preview:large","max-video-preview":"max-video-preview:-1"},"canonical":"https:\/\/www.vivrelagratuite.ch\/?page_id=1393","og_locale":"fr_FR","og_type":"article","og_title":"L'association - Viv(r)e la gratuit\u00e9","og_description":"Objectifs de l&rsquo;association L&rsquo;association Viv(r)e la Gratuit\u00e9 a pour but de promouvoir la gratuit\u00e9, et vise notamment \u00e0 d\u00e9fendre les zones de gratuit\u00e9 existantes, les \u00e9tendre et en cr\u00e9er de nouvelles. Elle a la conviction qu&rsquo;il est primordial de lutter contre l&rsquo;hypercapitalisme et l&rsquo;omnimarchandisation et d&rsquo;oeuvrer pour une soci\u00e9t\u00e9 plus conviviale. Les \u00ab\u00a0march\u00e9s gratuits\u00a0\u00bb en [&hellip;]","og_url":"https:\/\/www.vivrelagratuite.ch\/?page_id=1393","og_site_name":"Viv(r)e la gratuit\u00e9","article_modified_time":"2023-07-17T12:58:15+00:00","twitter_misc":{"Dur\u00e9e de lecture estim\u00e9e":"2 minutes"},"schema":{"@context":"https:\/\/schema.org","@graph":[{"@type":"WebPage","@id":"https:\/\/www.vivrelagratuite.ch\/?page_id=1393","url":"https:\/\/www.vivrelagratuite.ch\/?page_id=1393","name":"L'association - Viv(r)e la gratuit\u00e9","isPartOf":{"@id":"https:\/\/www.vivrelagratuite.ch\/#website"},"datePublished":"2023-07-17T12:34:59+00:00","dateModified":"2023-07-17T12:58:15+00:00","breadcrumb":{"@id":"https:\/\/www.vivrelagratuite.ch\/?page_id=1393#breadcrumb"},"inLanguage":"fr-FR","potentialAction":[{"@type":"ReadAction","target":["https:\/\/www.vivrelagratuite.ch\/?page_id=1393"]}]},{"@type":"BreadcrumbList","@id":"https:\/\/www.vivrelagratuite.ch\/?page_id=1393#breadcrumb","itemListElement":[{"@type":"ListItem","position":1,"name":"Accueil","item":"https:\/\/www.vivrelagratuite.ch\/"},{"@type":"ListItem","position":2,"name":"L&rsquo;association"}]},{"@type":"WebSite","@id":"https:\/\/www.vivrelagratuite.ch\/#website","url":"https:\/\/www.vivrelagratuite.ch\/","name":"Viv(r)e la gratuit\u00e9","description":"Organisateurs des march\u00e9s gratuits \u00e0 Vevey","potentialAction":[{"@type":"SearchAction","target":{"@type":"EntryPoint","urlTemplate":"https:\/\/www.vivrelagratuite.ch\/?s={search_term_string}"},"query-input":"required name=search_term_string"}],"inLanguage":"fr-FR"}]}},"_links":{"self":[{"href":"https:\/\/www.vivrelagratuite.ch\/index.php?rest_route=\/wp\/v2\/pages\/1393","targetHints":{"allow":["GET"]}}],"collection":[{"href":"https:\/\/www.vivrelagratuite.ch\/index.php?rest_route=\/wp\/v2\/pages"}],"about":[{"href":"https:\/\/www.vivrelagratuite.ch\/index.php?rest_route=\/wp\/v2\/types\/page"}],"author":[{"embeddable":true,"href":"https:\/\/www.vivrelagratuite.ch\/index.php?rest_route=\/wp\/v2\/users\/3"}],"replies":[{"embeddable":true,"href":"https:\/\/www.vivrelagratuite.ch\/index.php?rest_route=%2Fwp%2Fv2%2Fcomments&post=1393"}],"version-history":[{"count":1,"href":"https:\/\/www.vivrelagratuite.ch\/index.php?rest_route=\/wp\/v2\/pages\/1393\/revisions"}],"predecessor-version":[{"id":1394,"href":"https:\/\/www.vivrelagratuite.ch\/index.php?rest_route=\/wp\/v2\/pages\/1393\/revisions\/1394"}],"wp:attachment":[{"href":"https:\/\/www.vivrelagratuite.ch\/index.php?rest_route=%2Fwp%2Fv2%2Fmedia&parent=1393"}],"curies":[{"name":"wp","href":"https:\/\/api.w.org\/{rel}","templated":true}]}}