{"id":1416,"date":"2023-07-17T14:14:55","date_gmt":"2023-07-17T13:14:55","guid":{"rendered":"https:\/\/www.vivrelagratuite.ch\/?page_id=1416"},"modified":"2023-07-20T20:35:33","modified_gmt":"2023-07-20T19:35:33","slug":"contact","status":"publish","type":"page","link":"https:\/\/www.vivrelagratuite.ch\/?page_id=1416","title":{"rendered":"Contact"},"content":{"rendered":"\n<h2 class=\"wp-block-heading has-text-align-center\">Contactez nous par email !<\/h2>\n\n\n\n<p class=\"has-text-align-center\"><img loading=\"lazy\" decoding=\"async\" width=\"300\" height=\"41\" class=\"wp-image-1417\" style=\"width: 300px;\" src=\"https:\/\/www.vivrelagratuite.ch\/wp-content\/uploads\/2023\/07\/email-site.png\" alt=\"\" srcset=\"https:\/\/www.vivrelagratuite.ch\/wp-content\/uploads\/2023\/07\/email-site.png 401w, https:\/\/www.vivrelagratuite.ch\/wp-content\/uploads\/2023\/07\/email-site-300x41.png 300w\" sizes=\"auto, (max-width: 300px) 100vw, 300px\" \/><\/p>\n\n\n\n<h2 class=\"wp-block-heading has-text-align-center\">Adresse postale<\/h2>\n\n\n\n<p class=\"has-text-align-center\">Association Viv(r)e la Gratuit\u00e9<br>p.a. Christiane Racine<br>Quai Maria-Belgia 8<br>1800 Vevey<\/p>\n\n\n\n<h2 class=\"wp-block-heading has-text-align-center\">Coordonn\u00e9es bancaires<\/h2>\n\n\n\n<p class=\"has-text-align-center\">Association Viv(r)e la gratuit\u00e9<br>1800 Vevey<br>IBAN : CH10 0825 2027 9024 C000 C<\/p>\n\n\n\n<h2 class=\"wp-block-heading has-text-align-center\">QR-Code Twint<\/h2>\n\n\n\n<p class=\"has-text-align-center\">Merci d&rsquo;avance pour votre don !<br><img loading=\"lazy\" decoding=\"async\" width=\"350\" height=\"582\" class=\"wp-image-1418\" style=\"width: 350px;\" src=\"https:\/\/www.vivrelagratuite.ch\/wp-content\/uploads\/2023\/07\/QR-code-TWINT.png\" alt=\"\" srcset=\"https:\/\/www.vivrelagratuite.ch\/wp-content\/uploads\/2023\/07\/QR-code-TWINT.png 710w, https:\/\/www.vivrelagratuite.ch\/wp-content\/uploads\/2023\/07\/QR-code-TWINT-181x300.png 181w, https:\/\/www.vivrelagratuite.ch\/wp-content\/uploads\/2023\/07\/QR-code-TWINT-616x1024.png 616w\" sizes=\"auto, (max-width: 350px) 100vw, 350px\" \/><\/p>\n","protected":false},"excerpt":{"rendered":"<p>Contactez nous par email ! Adresse postale Association Viv(r)e la Gratuit\u00e9p.a. Christiane RacineQuai Maria-Belgia 81800 Vevey Coordonn\u00e9es bancaires Association Viv(r)e la gratuit\u00e91800 VeveyIBAN : CH10 0825 2027 9024 C000 C QR-Code Twint Merci d&rsquo;avance pour votre don !<\/p>\n","protected":false},"author":3,"featured_media":0,"parent":0,"menu_order":30,"comment_status":"closed","ping_status":"closed","template":"","meta":{"footnotes":""},"class_list":["post-1416","page","type-page","status-publish","hentry"],"yoast_head":"<!-- This site is optimized with the Yoast SEO plugin v22.8 - https:\/\/yoast.com\/wordpress\/plugins\/seo\/ -->\n<title>Contact - Viv(r)e la gratuit\u00e9<\/title>\n<meta name=\"robots\" content=\"index, follow, max-snippet:-1, max-image-preview:large, max-video-preview:-1\" \/>\n<link rel=\"canonical\" href=\"https:\/\/www.vivrelagratuite.ch\/?page_id=1416\" \/>\n<meta property=\"og:locale\" content=\"fr_FR\" \/>\n<meta property=\"og:type\" content=\"article\" \/>\n<meta property=\"og:title\" content=\"Contact - Viv(r)e la gratuit\u00e9\" \/>\n<meta property=\"og:description\" content=\"Contactez nous par email ! Adresse postale Association Viv(r)e la Gratuit\u00e9p.a. Christiane RacineQuai Maria-Belgia 81800 Vevey Coordonn\u00e9es bancaires Association Viv(r)e la gratuit\u00e91800 VeveyIBAN : CH10 0825 2027 9024 C000 C QR-Code Twint Merci d&rsquo;avance pour votre don !\" \/>\n<meta property=\"og:url\" content=\"https:\/\/www.vivrelagratuite.ch\/?page_id=1416\" \/>\n<meta property=\"og:site_name\" content=\"Viv(r)e la gratuit\u00e9\" \/>\n<meta property=\"article:modified_time\" content=\"2023-07-20T19:35:33+00:00\" \/>\n<meta property=\"og:image\" content=\"https:\/\/www.vivrelagratuite.ch\/wp-content\/uploads\/2023\/07\/email-site.png\" \/>\n<meta name=\"twitter:label1\" content=\"Dur\u00e9e de lecture estim\u00e9e\" \/>\n\t<meta name=\"twitter:data1\" content=\"1 minute\" \/>\n<script type=\"application\/ld+json\" class=\"yoast-schema-graph\">{\"@context\":\"https:\/\/schema.org\",\"@graph\":[{\"@type\":\"WebPage\",\"@id\":\"https:\/\/www.vivrelagratuite.ch\/?page_id=1416\",\"url\":\"https:\/\/www.vivrelagratuite.ch\/?page_id=1416\",\"name\":\"Contact - Viv(r)e la gratuit\u00e9\",\"isPartOf\":{\"@id\":\"https:\/\/www.vivrelagratuite.ch\/#website\"},\"primaryImageOfPage\":{\"@id\":\"https:\/\/www.vivrelagratuite.ch\/?page_id=1416#primaryimage\"},\"image\":{\"@id\":\"https:\/\/www.vivrelagratuite.ch\/?page_id=1416#primaryimage\"},\"thumbnailUrl\":\"https:\/\/www.vivrelagratuite.ch\/wp-content\/uploads\/2023\/07\/email-site.png\",\"datePublished\":\"2023-07-17T13:14:55+00:00\",\"dateModified\":\"2023-07-20T19:35:33+00:00\",\"breadcrumb\":{\"@id\":\"https:\/\/www.vivrelagratuite.ch\/?page_id=1416#breadcrumb\"},\"inLanguage\":\"fr-FR\",\"potentialAction\":[{\"@type\":\"ReadAction\",\"target\":[\"https:\/\/www.vivrelagratuite.ch\/?page_id=1416\"]}]},{\"@type\":\"ImageObject\",\"inLanguage\":\"fr-FR\",\"@id\":\"https:\/\/www.vivrelagratuite.ch\/?page_id=1416#primaryimage\",\"url\":\"https:\/\/www.vivrelagratuite.ch\/wp-content\/uploads\/2023\/07\/email-site.png\",\"contentUrl\":\"https:\/\/www.vivrelagratuite.ch\/wp-content\/uploads\/2023\/07\/email-site.png\",\"width\":401,\"height\":55},{\"@type\":\"BreadcrumbList\",\"@id\":\"https:\/\/www.vivrelagratuite.ch\/?page_id=1416#breadcrumb\",\"itemListElement\":[{\"@type\":\"ListItem\",\"position\":1,\"name\":\"Accueil\",\"item\":\"https:\/\/www.vivrelagratuite.ch\/\"},{\"@type\":\"ListItem\",\"position\":2,\"name\":\"Contact\"}]},{\"@type\":\"WebSite\",\"@id\":\"https:\/\/www.vivrelagratuite.ch\/#website\",\"url\":\"https:\/\/www.vivrelagratuite.ch\/\",\"name\":\"Viv(r)e la gratuit\u00e9\",\"description\":\"Organisateurs des march\u00e9s gratuits \u00e0 Vevey\",\"potentialAction\":[{\"@type\":\"SearchAction\",\"target\":{\"@type\":\"EntryPoint\",\"urlTemplate\":\"https:\/\/www.vivrelagratuite.ch\/?s={search_term_string}\"},\"query-input\":\"required name=search_term_string\"}],\"inLanguage\":\"fr-FR\"}]}<\/script>\n<!-- \/ Yoast SEO plugin. -->","yoast_head_json":{"title":"Contact - Viv(r)e la gratuit\u00e9","robots":{"index":"index","follow":"follow","max-snippet":"max-snippet:-1","max-image-preview":"max-image-preview:large","max-video-preview":"max-video-preview:-1"},"canonical":"https:\/\/www.vivrelagratuite.ch\/?page_id=1416","og_locale":"fr_FR","og_type":"article","og_title":"Contact - Viv(r)e la gratuit\u00e9","og_description":"Contactez nous par email ! Adresse postale Association Viv(r)e la Gratuit\u00e9p.a. Christiane RacineQuai Maria-Belgia 81800 Vevey Coordonn\u00e9es bancaires Association Viv(r)e la gratuit\u00e91800 VeveyIBAN : CH10 0825 2027 9024 C000 C QR-Code Twint Merci d&rsquo;avance pour votre don !","og_url":"https:\/\/www.vivrelagratuite.ch\/?page_id=1416","og_site_name":"Viv(r)e la gratuit\u00e9","article_modified_time":"2023-07-20T19:35:33+00:00","og_image":[{"url":"https:\/\/www.vivrelagratuite.ch\/wp-content\/uploads\/2023\/07\/email-site.png"}],"twitter_misc":{"Dur\u00e9e de lecture estim\u00e9e":"1 minute"},"schema":{"@context":"https:\/\/schema.org","@graph":[{"@type":"WebPage","@id":"https:\/\/www.vivrelagratuite.ch\/?page_id=1416","url":"https:\/\/www.vivrelagratuite.ch\/?page_id=1416","name":"Contact - Viv(r)e la gratuit\u00e9","isPartOf":{"@id":"https:\/\/www.vivrelagratuite.ch\/#website"},"primaryImageOfPage":{"@id":"https:\/\/www.vivrelagratuite.ch\/?page_id=1416#primaryimage"},"image":{"@id":"https:\/\/www.vivrelagratuite.ch\/?page_id=1416#primaryimage"},"thumbnailUrl":"https:\/\/www.vivrelagratuite.ch\/wp-content\/uploads\/2023\/07\/email-site.png","datePublished":"2023-07-17T13:14:55+00:00","dateModified":"2023-07-20T19:35:33+00:00","breadcrumb":{"@id":"https:\/\/www.vivrelagratuite.ch\/?page_id=1416#breadcrumb"},"inLanguage":"fr-FR","potentialAction":[{"@type":"ReadAction","target":["https:\/\/www.vivrelagratuite.ch\/?page_id=1416"]}]},{"@type":"ImageObject","inLanguage":"fr-FR","@id":"https:\/\/www.vivrelagratuite.ch\/?page_id=1416#primaryimage","url":"https:\/\/www.vivrelagratuite.ch\/wp-content\/uploads\/2023\/07\/email-site.png","contentUrl":"https:\/\/www.vivrelagratuite.ch\/wp-content\/uploads\/2023\/07\/email-site.png","width":401,"height":55},{"@type":"BreadcrumbList","@id":"https:\/\/www.vivrelagratuite.ch\/?page_id=1416#breadcrumb","itemListElement":[{"@type":"ListItem","position":1,"name":"Accueil","item":"https:\/\/www.vivrelagratuite.ch\/"},{"@type":"ListItem","position":2,"name":"Contact"}]},{"@type":"WebSite","@id":"https:\/\/www.vivrelagratuite.ch\/#website","url":"https:\/\/www.vivrelagratuite.ch\/","name":"Viv(r)e la gratuit\u00e9","description":"Organisateurs des march\u00e9s gratuits \u00e0 Vevey","potentialAction":[{"@type":"SearchAction","target":{"@type":"EntryPoint","urlTemplate":"https:\/\/www.vivrelagratuite.ch\/?s={search_term_string}"},"query-input":"required name=search_term_string"}],"inLanguage":"fr-FR"}]}},"_links":{"self":[{"href":"https:\/\/www.vivrelagratuite.ch\/index.php?rest_route=\/wp\/v2\/pages\/1416","targetHints":{"allow":["GET"]}}],"collection":[{"href":"https:\/\/www.vivrelagratuite.ch\/index.php?rest_route=\/wp\/v2\/pages"}],"about":[{"href":"https:\/\/www.vivrelagratuite.ch\/index.php?rest_route=\/wp\/v2\/types\/page"}],"author":[{"embeddable":true,"href":"https:\/\/www.vivrelagratuite.ch\/index.php?rest_route=\/wp\/v2\/users\/3"}],"replies":[{"embeddable":true,"href":"https:\/\/www.vivrelagratuite.ch\/index.php?rest_route=%2Fwp%2Fv2%2Fcomments&post=1416"}],"version-history":[{"count":3,"href":"https:\/\/www.vivrelagratuite.ch\/index.php?rest_route=\/wp\/v2\/pages\/1416\/revisions"}],"predecessor-version":[{"id":1514,"href":"https:\/\/www.vivrelagratuite.ch\/index.php?rest_route=\/wp\/v2\/pages\/1416\/revisions\/1514"}],"wp:attachment":[{"href":"https:\/\/www.vivrelagratuite.ch\/index.php?rest_route=%2Fwp%2Fv2%2Fmedia&parent=1416"}],"curies":[{"name":"wp","href":"https:\/\/api.w.org\/{rel}","templated":true}]}}