{"id":1482,"date":"2023-07-19T16:38:06","date_gmt":"2023-07-19T15:38:06","guid":{"rendered":"https:\/\/www.vivrelagratuite.ch\/?page_id=1482"},"modified":"2026-03-08T21:30:09","modified_gmt":"2026-03-08T20:30:09","slug":"espace-membres","status":"publish","type":"page","link":"https:\/\/www.vivrelagratuite.ch\/?page_id=1482","title":{"rendered":"Espace membres"},"content":{"rendered":"","protected":true},"excerpt":{"rendered":"","protected":true},"author":3,"featured_media":0,"parent":0,"menu_order":40,"comment_status":"closed","ping_status":"closed","template":"","meta":{"footnotes":""},"class_list":["post-1482","page","type-page","status-publish","post-password-required","hentry"],"yoast_head":"<!-- This site is optimized with the Yoast SEO plugin v22.8 - https:\/\/yoast.com\/wordpress\/plugins\/seo\/ -->\n<title>Espace membres - Viv(r)e la gratuit\u00e9<\/title>\n<meta name=\"robots\" content=\"index, follow, max-snippet:-1, max-image-preview:large, max-video-preview:-1\" \/>\n<link rel=\"canonical\" href=\"https:\/\/www.vivrelagratuite.ch\/?page_id=1482\" \/>\n<meta property=\"og:locale\" content=\"fr_FR\" \/>\n<meta property=\"og:type\" content=\"article\" \/>\n<meta property=\"og:title\" content=\"Espace membres - Viv(r)e la gratuit\u00e9\" \/>\n<meta property=\"og:description\" content=\"Il n\u2019y a pas d\u2019extrait, car cette publication est prot\u00e9g\u00e9e.\" \/>\n<meta property=\"og:url\" content=\"https:\/\/www.vivrelagratuite.ch\/?page_id=1482\" \/>\n<meta property=\"og:site_name\" content=\"Viv(r)e la gratuit\u00e9\" \/>\n<meta property=\"article:modified_time\" content=\"2026-03-08T20:30:09+00:00\" \/>\n<meta name=\"twitter:label1\" content=\"Dur\u00e9e de lecture estim\u00e9e\" \/>\n\t<meta name=\"twitter:data1\" content=\"2 minutes\" \/>\n<script type=\"application\/ld+json\" class=\"yoast-schema-graph\">{\"@context\":\"https:\/\/schema.org\",\"@graph\":[{\"@type\":\"WebPage\",\"@id\":\"https:\/\/www.vivrelagratuite.ch\/?page_id=1482\",\"url\":\"https:\/\/www.vivrelagratuite.ch\/?page_id=1482\",\"name\":\"Espace membres - Viv(r)e la gratuit\u00e9\",\"isPartOf\":{\"@id\":\"https:\/\/www.vivrelagratuite.ch\/#website\"},\"datePublished\":\"2023-07-19T15:38:06+00:00\",\"dateModified\":\"2026-03-08T20:30:09+00:00\",\"breadcrumb\":{\"@id\":\"https:\/\/www.vivrelagratuite.ch\/?page_id=1482#breadcrumb\"},\"inLanguage\":\"fr-FR\"},{\"@type\":\"WebSite\",\"@id\":\"https:\/\/www.vivrelagratuite.ch\/#website\",\"url\":\"https:\/\/www.vivrelagratuite.ch\/\",\"name\":\"Viv(r)e la gratuit\u00e9\",\"description\":\"Organisateurs des march\u00e9s gratuits \u00e0 Vevey\",\"potentialAction\":[{\"@type\":\"SearchAction\",\"target\":{\"@type\":\"EntryPoint\",\"urlTemplate\":\"https:\/\/www.vivrelagratuite.ch\/?s={search_term_string}\"},\"query-input\":\"required name=search_term_string\"}],\"inLanguage\":\"fr-FR\"}]}<\/script>\n<!-- \/ Yoast SEO plugin. -->","yoast_head_json":{"title":"Espace membres - Viv(r)e la gratuit\u00e9","robots":{"index":"index","follow":"follow","max-snippet":"max-snippet:-1","max-image-preview":"max-image-preview:large","max-video-preview":"max-video-preview:-1"},"canonical":"https:\/\/www.vivrelagratuite.ch\/?page_id=1482","og_locale":"fr_FR","og_type":"article","og_title":"Espace membres - Viv(r)e la gratuit\u00e9","og_description":"Il n\u2019y a pas d\u2019extrait, car cette publication est prot\u00e9g\u00e9e.","og_url":"https:\/\/www.vivrelagratuite.ch\/?page_id=1482","og_site_name":"Viv(r)e la gratuit\u00e9","article_modified_time":"2026-03-08T20:30:09+00:00","twitter_misc":{"Dur\u00e9e de lecture estim\u00e9e":"2 minutes"},"schema":{"@context":"https:\/\/schema.org","@graph":[{"@type":"WebPage","@id":"https:\/\/www.vivrelagratuite.ch\/?page_id=1482","url":"https:\/\/www.vivrelagratuite.ch\/?page_id=1482","name":"Espace membres - Viv(r)e la gratuit\u00e9","isPartOf":{"@id":"https:\/\/www.vivrelagratuite.ch\/#website"},"datePublished":"2023-07-19T15:38:06+00:00","dateModified":"2026-03-08T20:30:09+00:00","breadcrumb":{"@id":"https:\/\/www.vivrelagratuite.ch\/?page_id=1482#breadcrumb"},"inLanguage":"fr-FR"},{"@type":"WebSite","@id":"https:\/\/www.vivrelagratuite.ch\/#website","url":"https:\/\/www.vivrelagratuite.ch\/","name":"Viv(r)e la gratuit\u00e9","description":"Organisateurs des march\u00e9s gratuits \u00e0 Vevey","potentialAction":[{"@type":"SearchAction","target":{"@type":"EntryPoint","urlTemplate":"https:\/\/www.vivrelagratuite.ch\/?s={search_term_string}"},"query-input":"required name=search_term_string"}],"inLanguage":"fr-FR"}]}},"_links":{"self":[{"href":"https:\/\/www.vivrelagratuite.ch\/index.php?rest_route=\/wp\/v2\/pages\/1482","targetHints":{"allow":["GET"]}}],"collection":[{"href":"https:\/\/www.vivrelagratuite.ch\/index.php?rest_route=\/wp\/v2\/pages"}],"about":[{"href":"https:\/\/www.vivrelagratuite.ch\/index.php?rest_route=\/wp\/v2\/types\/page"}],"author":[{"embeddable":true,"href":"https:\/\/www.vivrelagratuite.ch\/index.php?rest_route=\/wp\/v2\/users\/3"}],"replies":[{"embeddable":true,"href":"https:\/\/www.vivrelagratuite.ch\/index.php?rest_route=%2Fwp%2Fv2%2Fcomments&post=1482"}],"version-history":[{"count":28,"href":"https:\/\/www.vivrelagratuite.ch\/index.php?rest_route=\/wp\/v2\/pages\/1482\/revisions"}],"predecessor-version":[{"id":1658,"href":"https:\/\/www.vivrelagratuite.ch\/index.php?rest_route=\/wp\/v2\/pages\/1482\/revisions\/1658"}],"wp:attachment":[{"href":"https:\/\/www.vivrelagratuite.ch\/index.php?rest_route=%2Fwp%2Fv2%2Fmedia&parent=1482"}],"curies":[{"name":"wp","href":"https:\/\/api.w.org\/{rel}","templated":true}]}}