{"id":2,"date":"2014-10-31T22:52:23","date_gmt":"2014-10-31T22:52:23","guid":{"rendered":"http:\/\/vivrelagratuite.ch\/?page_id=2"},"modified":"2026-02-28T12:27:46","modified_gmt":"2026-02-28T11:27:46","slug":"presentation","status":"publish","type":"page","link":"https:\/\/www.vivrelagratuite.ch\/","title":{"rendered":"Pr\u00e9sentation"},"content":{"rendered":"\n<h2 class=\"wp-block-heading\">Prochains march\u00e9s gratuits<\/h2>\n\n\n\n<p>Les prochains march\u00e9s gratuits auront lieu sous la Grenette, \u00e0 la place du march\u00e9 de Vevey :<\/p>\n\n\n\n<ul class=\"wp-block-list\">\n<li><strong>Dimanche 29 mars 2026 de 10h \u00e0 12h<\/strong><\/li>\n\n\n\n<li><strong>Dimanche 31 mai 2026 de 10h \u00e0 12h<\/strong><\/li>\n\n\n\n<li><strong>Dimanche 30 ao\u00fbt 2026 de 10h \u00e0 12h<\/strong><\/li>\n\n\n\n<li><strong>Dimanche 29 novembre 2026 de 10h \u00e0 12h<\/strong><\/li>\n<\/ul>\n\n\n\n<div style=\"height:21px\" aria-hidden=\"true\" class=\"wp-block-spacer\"><\/div>\n\n\n\n<h2 class=\"wp-block-heading\">En quelques mots&#8230;<\/h2>\n\n\n\n<p>Les march\u00e9s gratuits sont des \u00e9v\u00e8nements organis\u00e9s dans une ambiance conviviale quatre fois par ann\u00e9e. Vous pouvez apporter des objets dont vous n&rsquo;avez plus l&rsquo;utilit\u00e9, ou bien venir sans rien. Vous pouvez prendre tout ce dont vous avez besoin, gratuitement. Et \u00e0 la fin, vous r\u00e9cup\u00e9rez vous affaires n&rsquo;ayant pas trouv\u00e9 preneur avant de partir.<\/p>\n\n\n\n<p>Les b\u00e9n\u00e9voles de l&rsquo;association vous proposent \u00e9galement des boissons et un buffet variable selon les saisons (tartines, soupe, viennoiseries, &#8230;), lui aussi enti\u00e8rement gratuit.<\/p>\n\n\n\n<p>Pour couvrir nos frais et nous permettre de continuer \u00e0 organiser les march\u00e9s gratuits, nous d\u00e9pendons des dons de nos g\u00e9n\u00e9reux supporters. Les dons en esp\u00e8res ou par Twint lors des march\u00e9s gratuits sont vivement encourag\u00e9s !<\/p>\n","protected":false},"excerpt":{"rendered":"<p>Prochains march\u00e9s gratuits Les prochains march\u00e9s gratuits auront lieu sous la Grenette, \u00e0 la place du march\u00e9 de Vevey : En quelques mots&#8230; Les march\u00e9s gratuits sont des \u00e9v\u00e8nements organis\u00e9s dans une ambiance conviviale quatre fois par ann\u00e9e. Vous pouvez apporter des objets dont vous n&rsquo;avez plus l&rsquo;utilit\u00e9, ou bien venir sans rien. Vous pouvez [&hellip;]<\/p>\n","protected":false},"author":1,"featured_media":0,"parent":0,"menu_order":0,"comment_status":"open","ping_status":"open","template":"","meta":{"footnotes":""},"class_list":["post-2","page","type-page","status-publish","hentry"],"yoast_head":"<!-- This site is optimized with the Yoast SEO plugin v22.8 - https:\/\/yoast.com\/wordpress\/plugins\/seo\/ -->\n<title>Pr\u00e9sentation - Viv(r)e la gratuit\u00e9<\/title>\n<meta name=\"description\" content=\"Les march\u00e9s gratuits ont lieu dans une ambiance conviviale quatre fois par ann\u00e9e sous la Grenette, \u00e0 Vevey. Prochaines dates : ...\" \/>\n<meta name=\"robots\" content=\"index, follow, max-snippet:-1, max-image-preview:large, max-video-preview:-1\" \/>\n<link rel=\"canonical\" href=\"https:\/\/www.vivrelagratuite.ch\/\" \/>\n<meta property=\"og:locale\" content=\"fr_FR\" \/>\n<meta property=\"og:type\" content=\"article\" \/>\n<meta property=\"og:title\" content=\"Pr\u00e9sentation - Viv(r)e la gratuit\u00e9\" \/>\n<meta property=\"og:description\" content=\"Les march\u00e9s gratuits ont lieu dans une ambiance conviviale quatre fois par ann\u00e9e sous la Grenette, \u00e0 Vevey. Prochaines dates : ...\" \/>\n<meta property=\"og:url\" content=\"https:\/\/www.vivrelagratuite.ch\/\" \/>\n<meta property=\"og:site_name\" content=\"Viv(r)e la gratuit\u00e9\" \/>\n<meta property=\"article:modified_time\" content=\"2026-02-28T11:27:46+00:00\" \/>\n<meta name=\"twitter:label1\" content=\"Dur\u00e9e de lecture estim\u00e9e\" \/>\n\t<meta name=\"twitter:data1\" content=\"1 minute\" \/>\n<script type=\"application\/ld+json\" class=\"yoast-schema-graph\">{\"@context\":\"https:\/\/schema.org\",\"@graph\":[{\"@type\":\"WebPage\",\"@id\":\"https:\/\/www.vivrelagratuite.ch\/\",\"url\":\"https:\/\/www.vivrelagratuite.ch\/\",\"name\":\"Pr\u00e9sentation - Viv(r)e la gratuit\u00e9\",\"isPartOf\":{\"@id\":\"https:\/\/www.vivrelagratuite.ch\/#website\"},\"datePublished\":\"2014-10-31T22:52:23+00:00\",\"dateModified\":\"2026-02-28T11:27:46+00:00\",\"description\":\"Les march\u00e9s gratuits ont lieu dans une ambiance conviviale quatre fois par ann\u00e9e sous la Grenette, \u00e0 Vevey. Prochaines dates : ...\",\"breadcrumb\":{\"@id\":\"https:\/\/www.vivrelagratuite.ch\/#breadcrumb\"},\"inLanguage\":\"fr-FR\",\"potentialAction\":[{\"@type\":\"ReadAction\",\"target\":[\"https:\/\/www.vivrelagratuite.ch\/\"]}]},{\"@type\":\"BreadcrumbList\",\"@id\":\"https:\/\/www.vivrelagratuite.ch\/#breadcrumb\",\"itemListElement\":[{\"@type\":\"ListItem\",\"position\":1,\"name\":\"Accueil\",\"item\":\"https:\/\/www.vivrelagratuite.ch\/\"},{\"@type\":\"ListItem\",\"position\":2,\"name\":\"Pr\u00e9sentation\"}]},{\"@type\":\"WebSite\",\"@id\":\"https:\/\/www.vivrelagratuite.ch\/#website\",\"url\":\"https:\/\/www.vivrelagratuite.ch\/\",\"name\":\"Viv(r)e la gratuit\u00e9\",\"description\":\"Organisateurs des march\u00e9s gratuits \u00e0 Vevey\",\"potentialAction\":[{\"@type\":\"SearchAction\",\"target\":{\"@type\":\"EntryPoint\",\"urlTemplate\":\"https:\/\/www.vivrelagratuite.ch\/?s={search_term_string}\"},\"query-input\":\"required name=search_term_string\"}],\"inLanguage\":\"fr-FR\"}]}<\/script>\n<!-- \/ Yoast SEO plugin. -->","yoast_head_json":{"title":"Pr\u00e9sentation - Viv(r)e la gratuit\u00e9","description":"Les march\u00e9s gratuits ont lieu dans une ambiance conviviale quatre fois par ann\u00e9e sous la Grenette, \u00e0 Vevey. Prochaines dates : ...","robots":{"index":"index","follow":"follow","max-snippet":"max-snippet:-1","max-image-preview":"max-image-preview:large","max-video-preview":"max-video-preview:-1"},"canonical":"https:\/\/www.vivrelagratuite.ch\/","og_locale":"fr_FR","og_type":"article","og_title":"Pr\u00e9sentation - Viv(r)e la gratuit\u00e9","og_description":"Les march\u00e9s gratuits ont lieu dans une ambiance conviviale quatre fois par ann\u00e9e sous la Grenette, \u00e0 Vevey. Prochaines dates : ...","og_url":"https:\/\/www.vivrelagratuite.ch\/","og_site_name":"Viv(r)e la gratuit\u00e9","article_modified_time":"2026-02-28T11:27:46+00:00","twitter_misc":{"Dur\u00e9e de lecture estim\u00e9e":"1 minute"},"schema":{"@context":"https:\/\/schema.org","@graph":[{"@type":"WebPage","@id":"https:\/\/www.vivrelagratuite.ch\/","url":"https:\/\/www.vivrelagratuite.ch\/","name":"Pr\u00e9sentation - Viv(r)e la gratuit\u00e9","isPartOf":{"@id":"https:\/\/www.vivrelagratuite.ch\/#website"},"datePublished":"2014-10-31T22:52:23+00:00","dateModified":"2026-02-28T11:27:46+00:00","description":"Les march\u00e9s gratuits ont lieu dans une ambiance conviviale quatre fois par ann\u00e9e sous la Grenette, \u00e0 Vevey. Prochaines dates : ...","breadcrumb":{"@id":"https:\/\/www.vivrelagratuite.ch\/#breadcrumb"},"inLanguage":"fr-FR","potentialAction":[{"@type":"ReadAction","target":["https:\/\/www.vivrelagratuite.ch\/"]}]},{"@type":"BreadcrumbList","@id":"https:\/\/www.vivrelagratuite.ch\/#breadcrumb","itemListElement":[{"@type":"ListItem","position":1,"name":"Accueil","item":"https:\/\/www.vivrelagratuite.ch\/"},{"@type":"ListItem","position":2,"name":"Pr\u00e9sentation"}]},{"@type":"WebSite","@id":"https:\/\/www.vivrelagratuite.ch\/#website","url":"https:\/\/www.vivrelagratuite.ch\/","name":"Viv(r)e la gratuit\u00e9","description":"Organisateurs des march\u00e9s gratuits \u00e0 Vevey","potentialAction":[{"@type":"SearchAction","target":{"@type":"EntryPoint","urlTemplate":"https:\/\/www.vivrelagratuite.ch\/?s={search_term_string}"},"query-input":"required name=search_term_string"}],"inLanguage":"fr-FR"}]}},"_links":{"self":[{"href":"https:\/\/www.vivrelagratuite.ch\/index.php?rest_route=\/wp\/v2\/pages\/2","targetHints":{"allow":["GET"]}}],"collection":[{"href":"https:\/\/www.vivrelagratuite.ch\/index.php?rest_route=\/wp\/v2\/pages"}],"about":[{"href":"https:\/\/www.vivrelagratuite.ch\/index.php?rest_route=\/wp\/v2\/types\/page"}],"author":[{"embeddable":true,"href":"https:\/\/www.vivrelagratuite.ch\/index.php?rest_route=\/wp\/v2\/users\/1"}],"replies":[{"embeddable":true,"href":"https:\/\/www.vivrelagratuite.ch\/index.php?rest_route=%2Fwp%2Fv2%2Fcomments&post=2"}],"version-history":[{"count":25,"href":"https:\/\/www.vivrelagratuite.ch\/index.php?rest_route=\/wp\/v2\/pages\/2\/revisions"}],"predecessor-version":[{"id":1647,"href":"https:\/\/www.vivrelagratuite.ch\/index.php?rest_route=\/wp\/v2\/pages\/2\/revisions\/1647"}],"wp:attachment":[{"href":"https:\/\/www.vivrelagratuite.ch\/index.php?rest_route=%2Fwp%2Fv2%2Fmedia&parent=2"}],"curies":[{"name":"wp","href":"https:\/\/api.w.org\/{rel}","templated":true}]}}